{"id":11,"date":"2019-03-06T16:47:48","date_gmt":"2019-03-06T15:47:48","guid":{"rendered":"http:\/\/bachwirt-prettenhofer.at\/wordpress\/?page_id=11"},"modified":"2022-06-17T10:19:16","modified_gmt":"2022-06-17T08:19:16","slug":"startseite","status":"publish","type":"page","link":"https:\/\/www.bachwirt-prettenhofer.at\/wordpress\/","title":{"rendered":"Startseite"},"content":{"rendered":"<p>Sinn f\u00fcr Tradition und famili\u00e4re Herzlichkeit pr\u00e4gen den Charakter unseres Hauses.<\/p><p>Wir legen sehr viel Wert auf die Verwendung von regionalen und qualitativen Produkten und produzieren auch s\u00e4mtliche Fleischprodukte wie Selchspeck, Bratw\u00fcrste und Leberk\u00e4se selbst.<\/p><p>Genie\u00dfen Sie typische steirische Schmankerl, aber auch Gaumenfreuden der modernen Trendk\u00fcche in gem\u00fctlicher Atmosph\u00e4re, w\u00e4hrend sich die Kleinen am Kinderspielplatz austoben k\u00f6nnen.<\/p><p>Wir freuen uns Sie in unserem Gasthof zu begr\u00fc\u00dfen!<\/p><p><\/p><figure class=\"wp-block-image\"><img decoding=\"async\" loading=\"lazy\" width=\"683\" height=\"1024\" class=\"wp-image-534\" src=\"https:\/\/www.bachwirt-prettenhofer.at\/wordpress\/wp-content\/uploads\/2021\/05\/familie_2021_ohne-auto_3-683x1024.jpg\" alt=\"\" srcset=\"https:\/\/www.bachwirt-prettenhofer.at\/wordpress\/wp-content\/uploads\/2021\/05\/familie_2021_ohne-auto_3-683x1024.jpg 683w, https:\/\/www.bachwirt-prettenhofer.at\/wordpress\/wp-content\/uploads\/2021\/05\/familie_2021_ohne-auto_3-200x300.jpg 200w, https:\/\/www.bachwirt-prettenhofer.at\/wordpress\/wp-content\/uploads\/2021\/05\/familie_2021_ohne-auto_3-768x1152.jpg 768w\" sizes=\"(max-width: 683px) 100vw, 683px\" \/><\/figure><div class=\"kvgmc6g5 cxmmr5t8 oygrvhab hcukyx3x c1et5uql ii04i59q\"><div dir=\"auto\"><p>\u00a0<\/p><\/div><p><\/p><\/div>","protected":false},"excerpt":{"rendered":"<p>Sinn f\u00fcr Tradition und famili\u00e4re Herzlichkeit pr\u00e4gen den Charakter unseres Hauses. Wir legen sehr viel&hellip;<\/p>\n","protected":false},"author":1,"featured_media":0,"parent":0,"menu_order":0,"comment_status":"closed","ping_status":"closed","template":"","meta":[],"_links":{"self":[{"href":"https:\/\/www.bachwirt-prettenhofer.at\/wordpress\/wp-json\/wp\/v2\/pages\/11"}],"collection":[{"href":"https:\/\/www.bachwirt-prettenhofer.at\/wordpress\/wp-json\/wp\/v2\/pages"}],"about":[{"href":"https:\/\/www.bachwirt-prettenhofer.at\/wordpress\/wp-json\/wp\/v2\/types\/page"}],"author":[{"embeddable":true,"href":"https:\/\/www.bachwirt-prettenhofer.at\/wordpress\/wp-json\/wp\/v2\/users\/1"}],"replies":[{"embeddable":true,"href":"https:\/\/www.bachwirt-prettenhofer.at\/wordpress\/wp-json\/wp\/v2\/comments?post=11"}],"version-history":[{"count":15,"href":"https:\/\/www.bachwirt-prettenhofer.at\/wordpress\/wp-json\/wp\/v2\/pages\/11\/revisions"}],"predecessor-version":[{"id":890,"href":"https:\/\/www.bachwirt-prettenhofer.at\/wordpress\/wp-json\/wp\/v2\/pages\/11\/revisions\/890"}],"wp:attachment":[{"href":"https:\/\/www.bachwirt-prettenhofer.at\/wordpress\/wp-json\/wp\/v2\/media?parent=11"}],"curies":[{"name":"wp","href":"https:\/\/api.w.org\/{rel}","templated":true}]}}