{"id":182,"date":"2019-04-15T14:43:37","date_gmt":"2019-04-15T12:43:37","guid":{"rendered":"http:\/\/www.bachwirt-prettenhofer.at\/?page_id=182"},"modified":"2019-04-16T14:32:48","modified_gmt":"2019-04-16T12:32:48","slug":"datenschutz","status":"publish","type":"page","link":"https:\/\/www.bachwirt-prettenhofer.at\/wordpress\/datenschutz\/","title":{"rendered":"Datenschutz"},"content":{"rendered":"\n<p>Der Schutz Ihrer pers\u00f6nlichen Daten ist uns ein besonderes Anliegen. Wir\nverarbeiten Ihre Daten daher ausschlie\u00dflich auf Grundlage der gesetzlichen\nBestimmungen (DSGVO, TKG 2003). In diesen Datenschutzinformationen informieren\nwir Sie \u00fcber die wichtigsten Aspekte der Datenverarbeitung im Rahmen unserer\nWebsite.<\/p>\n\n\n\n<p><strong>Kontakt mit uns<\/strong><\/p>\n\n\n\n<p>Wenn Sie per Formular auf der Website oder per E-Mail\nKontakt mit uns aufnehmen, werden Ihre angegebenen Daten zwecks Bearbeitung der\nAnfrage und f\u00fcr den Fall von Anschlussfragen sechs Monate bei uns gespeichert.\nDiese Daten geben wir nicht ohne Ihre Einwilligung weiter.<\/p>\n\n\n\n<p><strong>Cookies<\/strong><\/p>\n\n\n\n<p>Unsere Website verwendet so genannte Cookies.\nDabei handelt es sich um kleine Textdateien, die mit Hilfe des Browsers auf\nIhrem Endger\u00e4t abgelegt werden. Sie richten keinen Schaden an. <\/p>\n\n\n\n<p>Wir nutzen Cookies dazu, unser Angebot\nnutzerfreundlich zu gestalten. Einige Cookies bleiben auf Ihrem Endger\u00e4t\ngespeichert, bis Sie diese l\u00f6schen. Sie erm\u00f6glichen es uns, Ihren Browser beim\nn\u00e4chsten Besuch wiederzuerkennen.<\/p>\n\n\n\n<p>Wenn Sie dies nicht w\u00fcnschen, so k\u00f6nnen Sie\nIhren Browser so einrichten, dass er Sie \u00fcber das Setzen von Cookies informiert\nund Sie dies nur im Einzelfall erlauben. <\/p>\n\n\n\n<p>Bei der Deaktivierung von Cookies kann die\nFunktionalit\u00e4t unserer Website eingeschr\u00e4nkt sein.<\/p>\n\n\n\n<p><strong>Ihre Rechte<\/strong><\/p>\n\n\n\n<p>Ihnen stehen grunds\u00e4tzlich die Rechte auf Auskunft, Berichtigung, L\u00f6schung, Einschr\u00e4nkung, Daten\u00fcbertragbarkeit,\nWiderruf und Widerspruch zu. Wenn Sie glauben, dass die Verarbeitung Ihrer\nDaten gegen das Datenschutzrecht verst\u00f6\u00dft oder Ihre datenschutzrechtlichen\nAnspr\u00fcche sonst in einer Weise verletzt worden sind, k\u00f6nnen Sie sich bei der\nAufsichtsbeh\u00f6rde beschweren. In \u00d6sterreich ist dies die Datenschutzbeh\u00f6rde.<\/p>\n\n\n\n<p><strong>Sie erreichen uns unter folgenden\nKontaktdaten<\/strong>: <\/p>\n\n\n\n<p><em>Gasthof Bachwirt Prettenhofer<br>\nKurt Prettenhofer<br>\nSt. Johann bei Herberstein 51<br>\n8222 Feistritztal<br>\n<br>\nTel.: 03113\/2262<\/em><\/p>\n\n\n\n<p><a href=\"mailto:info@bachwirt-prettenhofer.at\">info@bachwirt-prettenhofer.at<\/a><br>\n<a href=\"https:\/\/www.bachwirt-prettenhofer.at\/wordpress\">www.bachwirt-prettenhofer.at<\/a><\/p>\n","protected":false},"excerpt":{"rendered":"<p>Der Schutz Ihrer pers\u00f6nlichen Daten ist uns ein besonderes Anliegen. Wir verarbeiten Ihre Daten daher&hellip;<\/p>\n","protected":false},"author":1,"featured_media":0,"parent":0,"menu_order":0,"comment_status":"closed","ping_status":"closed","template":"","meta":[],"_links":{"self":[{"href":"https:\/\/www.bachwirt-prettenhofer.at\/wordpress\/wp-json\/wp\/v2\/pages\/182"}],"collection":[{"href":"https:\/\/www.bachwirt-prettenhofer.at\/wordpress\/wp-json\/wp\/v2\/pages"}],"about":[{"href":"https:\/\/www.bachwirt-prettenhofer.at\/wordpress\/wp-json\/wp\/v2\/types\/page"}],"author":[{"embeddable":true,"href":"https:\/\/www.bachwirt-prettenhofer.at\/wordpress\/wp-json\/wp\/v2\/users\/1"}],"replies":[{"embeddable":true,"href":"https:\/\/www.bachwirt-prettenhofer.at\/wordpress\/wp-json\/wp\/v2\/comments?post=182"}],"version-history":[{"count":2,"href":"https:\/\/www.bachwirt-prettenhofer.at\/wordpress\/wp-json\/wp\/v2\/pages\/182\/revisions"}],"predecessor-version":[{"id":199,"href":"https:\/\/www.bachwirt-prettenhofer.at\/wordpress\/wp-json\/wp\/v2\/pages\/182\/revisions\/199"}],"wp:attachment":[{"href":"https:\/\/www.bachwirt-prettenhofer.at\/wordpress\/wp-json\/wp\/v2\/media?parent=182"}],"curies":[{"name":"wp","href":"https:\/\/api.w.org\/{rel}","templated":true}]}}