{"id":58,"date":"2019-03-06T17:42:57","date_gmt":"2019-03-06T16:42:57","guid":{"rendered":"http:\/\/bachwirt-prettenhofer.at\/wordpress\/?page_id=58"},"modified":"2022-11-04T10:43:00","modified_gmt":"2022-11-04T09:43:00","slug":"urlaub-beim-bachwirt","status":"publish","type":"page","link":"https:\/\/www.bachwirt-prettenhofer.at\/wordpress\/urlaub-beim-bachwirt\/","title":{"rendered":"Urlaub beim Bachwirt"},"content":{"rendered":"\n<p> Unsere gepflegten Zimmer sind mit Dusche, F\u00f6n, WC, Fernseher und kostenlosem WLAN ausgestattet. <\/p>\n\n\n\n<p>Der Preis im Doppelzimmer betr\u00e4gt mit Fr\u00fchst\u00fcck \u20ac 37,- pro Person und Nacht. <\/p>\n\n\n\n<p>zzgl. \u20ac 2,50 N\u00e4chtigungsabgabe (ab 15 Jahre), EZ-Zuschlag \u20ac 6,00, Kurzn\u00e4chtigungszuschlag bis 3 N\u00e4chte \u20ac 2,00<\/p>\n\n\n\n<p>Kinder im Zimmer der Eltern: <br>0 &#8211; 3 Jahre frei<br>3 &#8211; 6 Jahre \u20ac 15,00<br>6 &#8211; 12 Jahre \u20ac 20,00<\/p>\n\n\n\n<p>Alle Preise verstehen sich pro Person und Nacht. <\/p>\n\n\n\n<div class=\"wp-block-image\"><figure class=\"alignleft\"><img decoding=\"async\" loading=\"lazy\" width=\"350\" height=\"227\" src=\"https:\/\/www.bachwirt-prettenhofer.at\/wordpress\/wp-content\/uploads\/2019\/05\/GenussCard-Steiermark-e1557481085673.png\" alt=\"\" class=\"wp-image-215\"\/><\/figure><\/div>\n\n\n\n<p><br><br>Die Genusscard ist im Preis inkludiert. Das ist Ihre kostenlose bzw. erm\u00e4\u00dfigte Eintrittskarte zu \u00fcber 120 Ausflugszielen der Region. N\u00e4here Infos finden Sie unter <a href=\"https:\/\/www.genusscard.at\/de\" target=\"_blank\" rel=\"noreferrer noopener\" aria-label=\"www.genusscard.at (opens in a new tab)\">www.genusscard.at<\/a>. <\/p>\n","protected":false},"excerpt":{"rendered":"<p>Unsere gepflegten Zimmer sind mit Dusche, F\u00f6n, WC, Fernseher und kostenlosem WLAN ausgestattet. Der Preis&hellip;<\/p>\n","protected":false},"author":1,"featured_media":45,"parent":0,"menu_order":0,"comment_status":"closed","ping_status":"closed","template":"","meta":[],"_links":{"self":[{"href":"https:\/\/www.bachwirt-prettenhofer.at\/wordpress\/wp-json\/wp\/v2\/pages\/58"}],"collection":[{"href":"https:\/\/www.bachwirt-prettenhofer.at\/wordpress\/wp-json\/wp\/v2\/pages"}],"about":[{"href":"https:\/\/www.bachwirt-prettenhofer.at\/wordpress\/wp-json\/wp\/v2\/types\/page"}],"author":[{"embeddable":true,"href":"https:\/\/www.bachwirt-prettenhofer.at\/wordpress\/wp-json\/wp\/v2\/users\/1"}],"replies":[{"embeddable":true,"href":"https:\/\/www.bachwirt-prettenhofer.at\/wordpress\/wp-json\/wp\/v2\/comments?post=58"}],"version-history":[{"count":9,"href":"https:\/\/www.bachwirt-prettenhofer.at\/wordpress\/wp-json\/wp\/v2\/pages\/58\/revisions"}],"predecessor-version":[{"id":1038,"href":"https:\/\/www.bachwirt-prettenhofer.at\/wordpress\/wp-json\/wp\/v2\/pages\/58\/revisions\/1038"}],"wp:featuredmedia":[{"embeddable":true,"href":"https:\/\/www.bachwirt-prettenhofer.at\/wordpress\/wp-json\/wp\/v2\/media\/45"}],"wp:attachment":[{"href":"https:\/\/www.bachwirt-prettenhofer.at\/wordpress\/wp-json\/wp\/v2\/media?parent=58"}],"curies":[{"name":"wp","href":"https:\/\/api.w.org\/{rel}","templated":true}]}}