{"id":23,"date":"2023-03-03T18:41:59","date_gmt":"2023-03-03T18:41:59","guid":{"rendered":"http:\/\/www.bachwirt-prettenhofer.at\/wordpress_q\/?page_id=23"},"modified":"2026-04-25T07:18:23","modified_gmt":"2026-04-25T07:18:23","slug":"speisekarte","status":"publish","type":"page","link":"https:\/\/www.bachwirt-prettenhofer.at\/wordpress_q\/speisekarte\/","title":{"rendered":"Speisekarte"},"content":{"rendered":"\n<p class=\"has-text-align-center\">Hier finden Sie unsere aktuelle Speisekarte. Die Tageskarte variiert je nach Saison und Verf\u00fcgbarkeit. Die Speisen unserer Standardkarte sind immer verf\u00fcgbar.<br><\/p>\n\n\n\n<hr class=\"wp-block-separator has-alpha-channel-opacity\"\/>\n\n\n\n<h2 class=\"wp-block-heading has-text-align-center\">Aktuelle Tageskarte<\/h2>\n\n\n\n<p class=\"has-text-align-center\"><br><strong>B\u00e4rlauchschaumsuppe<\/strong><br>\u20ac 6,50<br><br>***<br><br><br><strong>Spargel Hollandaise<\/strong><br>Spargel gr\u00fcn und wei\u00df mit Sauce Hollandaise und Erd\u00e4pfel<br>\u20ac 19,00<br><br><strong>Gebackener Spargel<\/strong><br>auf Salatgarnitur mit Sauerrahmdip<br>\u20ac 19,00<br><br><strong>Gebratenes Forellenfilet<\/strong><br>auf Spargelrisotto und Wei\u00dfweinschaum<br>\u20ac 24,00<br><br><strong>Rosa gebratenes Schweinefilet<\/strong><br>auf Pilzsauce mit Serviettenkn\u00f6del<br>\u20ac 23,00<br><br><strong>Rinderfilet vom Buchberger<\/strong><br>auf Rotweinjus mit Erd\u00e4pfelgratin und Spargel im Speckmantel<br>\u20ac 41,00<br><\/p>\n\n\n\n<h2 class=\"wp-block-heading has-text-align-center\">Standardkarte<\/h2>\n\n\n\n<p class=\"has-text-align-center\">SUPPEN<br><br><strong>Knoblauchcremesuppe <\/strong>im Brotsch\u00fcsserl<br>\u20ac 8,50<br><br>Rindsuppe mit <strong>Leberkn\u00f6del<\/strong><br>\u20ac 5,50<br><br>Rindsuppe mit <strong>Frittaten<\/strong><br>\u20ac 5,30<br><br>Rindsuppe mit <strong>Fleischstrudel<\/strong><br>\u20ac 5,50<br><br>SALATE<br><br><strong>Steirischer Backhendlsalat<\/strong><br>Gebackene H\u00fchnerbruststreifen<br>auf Erd\u00e4pfel- und Blattsalat mit Kern\u00f6l<br>\u20ac 16,80<br><br><strong>Hendlsalat<\/strong> <strong>gegrillt<\/strong><br>Gegrillte H\u00fchnerbruststreifen<br>auf gemischtem Salat mit Kern\u00f6l<br>\u20ac 16,80<br><br>Gemischter Salat<br>\u20ac 5,60<br><br>Gr\u00fcner Salat<br>\u20ac 4,80<br><br>HAUPTSPEISEN<br><br><strong>Wienerschnitzel <\/strong>vom Schwein mit Pommes frites<br>\u20ac 16,80<br><br><strong>Riesen-Cordon bleu<\/strong> mit Pommes frites<br>\u20ac 19,00<br><br><strong>Schweinsbraten <\/strong>im Natursaftl<br>mit Semmelkn\u00f6del<br>\u20ac 16,50<br><br><strong>Schweinskotelett <\/strong>(glutenfrei)<br>mit Kr\u00e4uterbutter, Pommes frites und Gem\u00fcse<br>\u20ac 18,00<br><br><strong>Schollenfilet &#8222;steirisch&#8220;<\/strong><br>Schollenfilet gebacken mit K\u00fcrbiskernkruste, <br>dazu Sauce Tartare und gemischter Salat<br>\u20ac 20,50<br><br>Hausgemachte <strong>Spinatlaibchen <\/strong>(vegi)<br>auf leichter Knoblauchsauce, dazu Erd\u00e4pfelr\u00f6sti und Gem\u00fcse<br>\u20ac 17,50<br><br><strong>Gr\u00fcnes Curry sterisch herg&#8217;richt<\/strong><br>mit Reis (vegan)<br>\u20ac 17,00<br>mit Reis und Hendlbrust<br>\u20ac 23,00<br><br><br>KINDERGERICHTE<br><br><strong>Ice Age<\/strong><br>Kleines Wienerschnitzel vom Schwein oder Huhn<br>mit Pommes frites<br>\u20ac 10,50<br><br><strong>Nemo<\/strong><br>Fischst\u00e4bchen mit Reis<br>\u20ac 9,00<br><br><strong>Feuerwehrmann Sam<\/strong><br>Frankfurter mit Pommes frites<br>\u20ac 8,50<br><br><br>NACHSPEISEN<br><br><strong>Warmer Mohnkuchen<\/strong><br>mit Vanilleeis und marinierten Weichseln<br>\u20ac 9,50<br><br><strong>Apfelstrudel<\/strong>, <strong>Topfenstrudel <\/strong>oder <strong>Beerenstrudel<\/strong><br>mit Schlagobers<br>\u20ac 8,00<br><br><strong>Rehr\u00fccken <\/strong>mit Schlagobers<br>\u20ac 5,00<\/p>\n\n\n\n<p><\/p>\n","protected":false},"excerpt":{"rendered":"<p>Hier finden Sie unsere aktuelle Speisekarte. Die Tageskarte variiert je nach Saison und Verf\u00fcgbarkeit. Die Speisen unserer Standardkarte sind immer verf\u00fcgbar. Aktuelle Tageskarte B\u00e4rlauchschaumsuppe\u20ac 6,50 *** Spargel HollandaiseSpargel gr\u00fcn und&hellip;<\/p>\n","protected":false},"author":1,"featured_media":124,"parent":0,"menu_order":0,"comment_status":"closed","ping_status":"closed","template":"","meta":{"footnotes":""},"class_list":["post-23","page","type-page","status-publish","has-post-thumbnail","hentry"],"_links":{"self":[{"href":"https:\/\/www.bachwirt-prettenhofer.at\/wordpress_q\/wp-json\/wp\/v2\/pages\/23","targetHints":{"allow":["GET"]}}],"collection":[{"href":"https:\/\/www.bachwirt-prettenhofer.at\/wordpress_q\/wp-json\/wp\/v2\/pages"}],"about":[{"href":"https:\/\/www.bachwirt-prettenhofer.at\/wordpress_q\/wp-json\/wp\/v2\/types\/page"}],"author":[{"embeddable":true,"href":"https:\/\/www.bachwirt-prettenhofer.at\/wordpress_q\/wp-json\/wp\/v2\/users\/1"}],"replies":[{"embeddable":true,"href":"https:\/\/www.bachwirt-prettenhofer.at\/wordpress_q\/wp-json\/wp\/v2\/comments?post=23"}],"version-history":[{"count":308,"href":"https:\/\/www.bachwirt-prettenhofer.at\/wordpress_q\/wp-json\/wp\/v2\/pages\/23\/revisions"}],"predecessor-version":[{"id":978,"href":"https:\/\/www.bachwirt-prettenhofer.at\/wordpress_q\/wp-json\/wp\/v2\/pages\/23\/revisions\/978"}],"wp:featuredmedia":[{"embeddable":true,"href":"https:\/\/www.bachwirt-prettenhofer.at\/wordpress_q\/wp-json\/wp\/v2\/media\/124"}],"wp:attachment":[{"href":"https:\/\/www.bachwirt-prettenhofer.at\/wordpress_q\/wp-json\/wp\/v2\/media?parent=23"}],"curies":[{"name":"wp","href":"https:\/\/api.w.org\/{rel}","templated":true}]}}