{"id":25,"date":"2023-03-03T18:41:59","date_gmt":"2023-03-03T18:41:59","guid":{"rendered":"http:\/\/www.bachwirt-prettenhofer.at\/wordpress_q\/?page_id=25"},"modified":"2026-02-26T11:23:39","modified_gmt":"2026-02-26T11:23:39","slug":"urlaub","status":"publish","type":"page","link":"https:\/\/www.bachwirt-prettenhofer.at\/wordpress_q\/urlaub\/","title":{"rendered":"Urlaub"},"content":{"rendered":"\n<div class=\"wp-block-media-text alignfull is-stacked-on-mobile is-vertically-aligned-center\"><figure class=\"wp-block-media-text__media\"><img loading=\"lazy\" decoding=\"async\" width=\"683\" height=\"1024\" src=\"https:\/\/www.bachwirt-prettenhofer.at\/wordpress_q\/wp-content\/uploads\/2023\/03\/Bachwirt_042017_LaferFotografie-97-von-103-683x1024.jpg\" alt=\"\" class=\"wp-image-131 size-full\" srcset=\"https:\/\/www.bachwirt-prettenhofer.at\/wordpress_q\/wp-content\/uploads\/2023\/03\/Bachwirt_042017_LaferFotografie-97-von-103-683x1024.jpg 683w, https:\/\/www.bachwirt-prettenhofer.at\/wordpress_q\/wp-content\/uploads\/2023\/03\/Bachwirt_042017_LaferFotografie-97-von-103-200x300.jpg 200w, https:\/\/www.bachwirt-prettenhofer.at\/wordpress_q\/wp-content\/uploads\/2023\/03\/Bachwirt_042017_LaferFotografie-97-von-103-768x1152.jpg 768w, https:\/\/www.bachwirt-prettenhofer.at\/wordpress_q\/wp-content\/uploads\/2023\/03\/Bachwirt_042017_LaferFotografie-97-von-103-1024x1536.jpg 1024w, https:\/\/www.bachwirt-prettenhofer.at\/wordpress_q\/wp-content\/uploads\/2023\/03\/Bachwirt_042017_LaferFotografie-97-von-103-1365x2048.jpg 1365w, https:\/\/www.bachwirt-prettenhofer.at\/wordpress_q\/wp-content\/uploads\/2023\/03\/Bachwirt_042017_LaferFotografie-97-von-103-scaled.jpg 1707w\" sizes=\"auto, (max-width: 683px) 100vw, 683px\" \/><\/figure><div class=\"wp-block-media-text__content\">\n<p>Unsere gepflegten Zimmer sind mit Dusche, F\u00f6n, WC, Fernseher und kostenlosem WLAN ausgestattet.<\/p>\n\n\n\n<p>Der Preis im Doppelzimmer mit Fr\u00fchst\u00fcck und Genusscard betr\u00e4gt \u20ac 50,- pro Person und Nacht. Der Kurzn\u00e4chtigungszuschlag (1 bis 3 N\u00e4chte) betr\u00e4gt \u20ac 5,- pro Person und Nacht.<\/p>\n\n\n\n<p>zzgl. \u20ac 2,50 N\u00e4chtigungsabgabe (ab 15 Jahre), EZ-Zuschlag \u20ac 6,00 <br>Kinder im Zimmer der Eltern mit Fr\u00fchst\u00fcck: 0 &#8211; 3 Jahre frei, 3 &#8211; 6 Jahre \u20ac 15,00, 6 &#8211; 12 Jahre \u20ac 20,00 | Preise pro Kind \/ Nacht<\/p>\n<\/div><\/div>\n\n\n\n<div class=\"wp-block-media-text alignfull is-stacked-on-mobile is-vertically-aligned-center\"><figure class=\"wp-block-media-text__media\"><img loading=\"lazy\" decoding=\"async\" width=\"1024\" height=\"724\" src=\"https:\/\/www.bachwirt-prettenhofer.at\/wordpress_q\/wp-content\/uploads\/2023\/03\/Logo_GenussCard2-1024x724.jpg\" alt=\"\" class=\"wp-image-129 size-full\" srcset=\"https:\/\/www.bachwirt-prettenhofer.at\/wordpress_q\/wp-content\/uploads\/2023\/03\/Logo_GenussCard2-1024x724.jpg 1024w, https:\/\/www.bachwirt-prettenhofer.at\/wordpress_q\/wp-content\/uploads\/2023\/03\/Logo_GenussCard2-300x212.jpg 300w, https:\/\/www.bachwirt-prettenhofer.at\/wordpress_q\/wp-content\/uploads\/2023\/03\/Logo_GenussCard2-768x543.jpg 768w, https:\/\/www.bachwirt-prettenhofer.at\/wordpress_q\/wp-content\/uploads\/2023\/03\/Logo_GenussCard2-1536x1086.jpg 1536w, https:\/\/www.bachwirt-prettenhofer.at\/wordpress_q\/wp-content\/uploads\/2023\/03\/Logo_GenussCard2-2048x1448.jpg 2048w\" sizes=\"auto, (max-width: 1024px) 100vw, 1024px\" \/><\/figure><div class=\"wp-block-media-text__content\">\n<p><\/p>\n\n\n\n<p>Die GenussCard ist im Preis inkludiert. Entdecken Sie das Beste aus drei Regionen und unendlichen Genuss in der Steiermak. (Infos auf www.genusscard.at)<\/p>\n<\/div><\/div>\n","protected":false},"excerpt":{"rendered":"<p>Unsere gepflegten Zimmer sind mit Dusche, F\u00f6n, WC, Fernseher und kostenlosem WLAN ausgestattet. Der Preis im Doppelzimmer mit Fr\u00fchst\u00fcck und Genusscard betr\u00e4gt \u20ac 50,- pro Person und Nacht. Der Kurzn\u00e4chtigungszuschlag&hellip;<\/p>\n","protected":false},"author":1,"featured_media":126,"parent":0,"menu_order":0,"comment_status":"closed","ping_status":"closed","template":"","meta":{"footnotes":""},"class_list":["post-25","page","type-page","status-publish","has-post-thumbnail","hentry"],"_links":{"self":[{"href":"https:\/\/www.bachwirt-prettenhofer.at\/wordpress_q\/wp-json\/wp\/v2\/pages\/25","targetHints":{"allow":["GET"]}}],"collection":[{"href":"https:\/\/www.bachwirt-prettenhofer.at\/wordpress_q\/wp-json\/wp\/v2\/pages"}],"about":[{"href":"https:\/\/www.bachwirt-prettenhofer.at\/wordpress_q\/wp-json\/wp\/v2\/types\/page"}],"author":[{"embeddable":true,"href":"https:\/\/www.bachwirt-prettenhofer.at\/wordpress_q\/wp-json\/wp\/v2\/users\/1"}],"replies":[{"embeddable":true,"href":"https:\/\/www.bachwirt-prettenhofer.at\/wordpress_q\/wp-json\/wp\/v2\/comments?post=25"}],"version-history":[{"count":9,"href":"https:\/\/www.bachwirt-prettenhofer.at\/wordpress_q\/wp-json\/wp\/v2\/pages\/25\/revisions"}],"predecessor-version":[{"id":945,"href":"https:\/\/www.bachwirt-prettenhofer.at\/wordpress_q\/wp-json\/wp\/v2\/pages\/25\/revisions\/945"}],"wp:featuredmedia":[{"embeddable":true,"href":"https:\/\/www.bachwirt-prettenhofer.at\/wordpress_q\/wp-json\/wp\/v2\/media\/126"}],"wp:attachment":[{"href":"https:\/\/www.bachwirt-prettenhofer.at\/wordpress_q\/wp-json\/wp\/v2\/media?parent=25"}],"curies":[{"name":"wp","href":"https:\/\/api.w.org\/{rel}","templated":true}]}}