{"id":26,"date":"2023-03-03T18:41:59","date_gmt":"2023-03-03T18:41:59","guid":{"rendered":"http:\/\/www.bachwirt-prettenhofer.at\/wordpress_q\/?page_id=26"},"modified":"2026-02-26T11:46:47","modified_gmt":"2026-02-26T11:46:47","slug":"tradition","status":"publish","type":"page","link":"https:\/\/www.bachwirt-prettenhofer.at\/wordpress_q\/tradition\/","title":{"rendered":"Tradition seit 1830"},"content":{"rendered":"\n<p>Die ersten Weichen des Gasthofes \u201eBachwirt Prettenhofer\u201c wurden von Anton (Sohn von Josef Prettenhofer, 1767 &#8211; 1850) aus Gro\u00dfsteinbach gestellt, der das Anwesen \u2013 damals bestehend aus Gasthaus und Fleischhauerei \u2013 erwarb.<\/p>\n\n\n\n<p>Er heiratete die die Tochter der \u201eunteren Huber-M\u00fchle\u201c, Maria Miller, die ihm vier Kinder schenkte.<\/p>\n\n\n\n<p>Josef, ihr 1802 geborener Sohn, zog mit seiner Frau Maria Gro\u00df 1830 nach St. Johann und wurde somit \u201eStammvater\u201c der St. Johanner Prettenhofer-Linie.<\/p>\n\n\n\n<p>Franz (geb. 1836), eines der 12 Kinder f\u00fchrte den Betrieb mit seiner Frau Franziska Kunter erfolgreich weiter. Auch Franz und Franziska waren mit 10 Kindern gesegnet. <\/p>\n\n\n\n<p>Johann (geb. 1876), der Urgro\u00dfvater des derzeitigen &#8222;Bachwirtes&#8220;, hatte in erster Ehe mit Maria Haider vier und in zweiter Ehe mit Josefa Riegerbauer 11 Kinder. Nach seinem Tod 1938 war seine Frau Josefa w\u00e4hrend der harten Kriegsjahre ganz auf sich allein gestellt und verstarb schlie\u00dflich im Jahre 1946. Ihr j\u00fcngster Sohn war bei Ihrem fr\u00fchen Tode gerade erst 10 Jahre alt. <\/p>\n\n\n\n<p>Josef (geb. 1920), Sohn von Johann und Josefa \u00fcbernahm den Betrieb 1946. Er gr\u00fcndete eine Familie mit seiner Frau Maria Kopper aus Flattendorf, die ihm drei S\u00f6hne &#8211; Josef, Manfred und Kurt &#8211; sowie seine Tochter &#8211; Maria Anna &#8211; schenkte. <\/p>\n\n\n\n<p>Der j\u00fcngste Sohn Kurt (geb. 1952) f\u00fchrte den Betrieb ab 1979 mit seiner Frau Renate (geborene Grah). Sie sind Eltern von Anita, Sonja und Kurt sowie stolze Gro\u00dfeltern von Lukas, Nina, Malika, Thomas und Paul. Obwohl 1991 die Fleischhauerei stillgelegt wurde, brachte das Jahr 1998 mit einer Generalsanierung des Geb\u00e4udes neuen Schwung in den Betrieb. <\/p>\n\n\n\n<p>Mittlerweile wird das Haus bereits in 6. Generation von Kurt Josef Prettenhofer gef\u00fchrt.<\/p>\n\n\n\n<div class=\"wp-block-media-text alignfull is-stacked-on-mobile is-vertically-aligned-center\"><figure class=\"wp-block-media-text__media\"><img loading=\"lazy\" decoding=\"async\" width=\"919\" height=\"1024\" src=\"https:\/\/www.bachwirt-prettenhofer.at\/wordpress_q\/wp-content\/uploads\/2023\/03\/wappen_farbe-919x1024.jpg\" alt=\"\" class=\"wp-image-91 size-full\" srcset=\"https:\/\/www.bachwirt-prettenhofer.at\/wordpress_q\/wp-content\/uploads\/2023\/03\/wappen_farbe-919x1024.jpg 919w, https:\/\/www.bachwirt-prettenhofer.at\/wordpress_q\/wp-content\/uploads\/2023\/03\/wappen_farbe-269x300.jpg 269w, https:\/\/www.bachwirt-prettenhofer.at\/wordpress_q\/wp-content\/uploads\/2023\/03\/wappen_farbe-768x856.jpg 768w, https:\/\/www.bachwirt-prettenhofer.at\/wordpress_q\/wp-content\/uploads\/2023\/03\/wappen_farbe.jpg 1255w\" sizes=\"auto, (max-width: 919px) 100vw, 919px\" \/><\/figure><div class=\"wp-block-media-text__content\">\n<p>Das im Jahr 1577 vom damaligen Kaiser verliehene Familienwappen symbolisiert einen Pelikan, der sich selbst in die Brust pickt, um seine Nachkommen zu ern\u00e4hren und zeugt vom ausgepr\u00e4gten Familiensinn der Prettenhofers. Der Helm steht f\u00fcr die herausragenden Leistungen der damaligen f\u00fchrenden Streitkr\u00e4fte. Mit Stolz d\u00fcrfen wir dieses Wappen bis heute als Zeichen der langj\u00e4hrigen Tradition f\u00fchren.&nbsp;<\/p>\n<\/div><\/div>\n","protected":false},"excerpt":{"rendered":"<p>Die ersten Weichen des Gasthofes \u201eBachwirt Prettenhofer\u201c wurden von Anton (Sohn von Josef Prettenhofer, 1767 &#8211; 1850) aus Gro\u00dfsteinbach gestellt, der das Anwesen \u2013 damals bestehend aus Gasthaus und Fleischhauerei&hellip;<\/p>\n","protected":false},"author":1,"featured_media":168,"parent":0,"menu_order":0,"comment_status":"closed","ping_status":"closed","template":"","meta":{"footnotes":""},"class_list":["post-26","page","type-page","status-publish","has-post-thumbnail","hentry"],"_links":{"self":[{"href":"https:\/\/www.bachwirt-prettenhofer.at\/wordpress_q\/wp-json\/wp\/v2\/pages\/26","targetHints":{"allow":["GET"]}}],"collection":[{"href":"https:\/\/www.bachwirt-prettenhofer.at\/wordpress_q\/wp-json\/wp\/v2\/pages"}],"about":[{"href":"https:\/\/www.bachwirt-prettenhofer.at\/wordpress_q\/wp-json\/wp\/v2\/types\/page"}],"author":[{"embeddable":true,"href":"https:\/\/www.bachwirt-prettenhofer.at\/wordpress_q\/wp-json\/wp\/v2\/users\/1"}],"replies":[{"embeddable":true,"href":"https:\/\/www.bachwirt-prettenhofer.at\/wordpress_q\/wp-json\/wp\/v2\/comments?post=26"}],"version-history":[{"count":7,"href":"https:\/\/www.bachwirt-prettenhofer.at\/wordpress_q\/wp-json\/wp\/v2\/pages\/26\/revisions"}],"predecessor-version":[{"id":954,"href":"https:\/\/www.bachwirt-prettenhofer.at\/wordpress_q\/wp-json\/wp\/v2\/pages\/26\/revisions\/954"}],"wp:featuredmedia":[{"embeddable":true,"href":"https:\/\/www.bachwirt-prettenhofer.at\/wordpress_q\/wp-json\/wp\/v2\/media\/168"}],"wp:attachment":[{"href":"https:\/\/www.bachwirt-prettenhofer.at\/wordpress_q\/wp-json\/wp\/v2\/media?parent=26"}],"curies":[{"name":"wp","href":"https:\/\/api.w.org\/{rel}","templated":true}]}}