{"id":27,"date":"2023-03-03T18:41:59","date_gmt":"2023-03-03T18:41:59","guid":{"rendered":"http:\/\/www.bachwirt-prettenhofer.at\/wordpress_q\/?page_id=27"},"modified":"2023-03-06T09:45:45","modified_gmt":"2023-03-06T09:45:45","slug":"feiern","status":"publish","type":"page","link":"https:\/\/www.bachwirt-prettenhofer.at\/wordpress_q\/feiern\/","title":{"rendered":"Feiern"},"content":{"rendered":"\n<p>Unser Saal bietet Platz f\u00fcr ca. 80 Personen und eignet sich daher f\u00fcr gro\u00dfe Gruppen und Feierlichkeiten jeder Art. Alternativ k\u00f6nnen Sie in kleinem Rahmen (bis 20 Personen) das private Ambiete in unserem Nostalgiest\u00fcberl ganz ungest\u00f6rt von anderen G\u00e4sten genie\u00dfen.<\/p>\n\n\n\n<p>Feiern Sie bei uns Ihre Hochzeit, Taufe oder Ihren Geburtstag. Wir stehen Ihnen bei der Planung gerne zur Seite und richten uns ganz nach Ihren Vorstellungen.<\/p>\n\n\n\n<figure class=\"wp-block-gallery has-nested-images columns-default is-cropped wp-block-gallery-1 is-layout-flex wp-block-gallery-is-layout-flex\">\n<figure class=\"wp-block-image size-large\"><img loading=\"lazy\" decoding=\"async\" width=\"1024\" height=\"683\" data-id=\"60\" src=\"https:\/\/www.bachwirt-prettenhofer.at\/wordpress_q\/wp-content\/uploads\/2023\/03\/Bachwirt_042017_LaferFotografie-82-von-103-1024x683.jpg\" alt=\"\" class=\"wp-image-60\" srcset=\"https:\/\/www.bachwirt-prettenhofer.at\/wordpress_q\/wp-content\/uploads\/2023\/03\/Bachwirt_042017_LaferFotografie-82-von-103-1024x683.jpg 1024w, https:\/\/www.bachwirt-prettenhofer.at\/wordpress_q\/wp-content\/uploads\/2023\/03\/Bachwirt_042017_LaferFotografie-82-von-103-300x200.jpg 300w, https:\/\/www.bachwirt-prettenhofer.at\/wordpress_q\/wp-content\/uploads\/2023\/03\/Bachwirt_042017_LaferFotografie-82-von-103-768x512.jpg 768w, https:\/\/www.bachwirt-prettenhofer.at\/wordpress_q\/wp-content\/uploads\/2023\/03\/Bachwirt_042017_LaferFotografie-82-von-103-1536x1024.jpg 1536w, https:\/\/www.bachwirt-prettenhofer.at\/wordpress_q\/wp-content\/uploads\/2023\/03\/Bachwirt_042017_LaferFotografie-82-von-103-2048x1366.jpg 2048w\" sizes=\"auto, (max-width: 1024px) 100vw, 1024px\" \/><\/figure>\n\n\n\n<figure class=\"wp-block-image size-large\"><img loading=\"lazy\" decoding=\"async\" width=\"939\" height=\"626\" data-id=\"62\" src=\"https:\/\/www.bachwirt-prettenhofer.at\/wordpress_q\/wp-content\/uploads\/2023\/03\/Bachwirt_042017_LaferFotografie-94-von-103.jpg\" alt=\"\" class=\"wp-image-62\" srcset=\"https:\/\/www.bachwirt-prettenhofer.at\/wordpress_q\/wp-content\/uploads\/2023\/03\/Bachwirt_042017_LaferFotografie-94-von-103.jpg 939w, https:\/\/www.bachwirt-prettenhofer.at\/wordpress_q\/wp-content\/uploads\/2023\/03\/Bachwirt_042017_LaferFotografie-94-von-103-300x200.jpg 300w, https:\/\/www.bachwirt-prettenhofer.at\/wordpress_q\/wp-content\/uploads\/2023\/03\/Bachwirt_042017_LaferFotografie-94-von-103-768x512.jpg 768w\" sizes=\"auto, (max-width: 939px) 100vw, 939px\" \/><\/figure>\n\n\n\n<figure class=\"wp-block-image size-large\"><img loading=\"lazy\" decoding=\"async\" width=\"1024\" height=\"683\" data-id=\"123\" src=\"https:\/\/www.bachwirt-prettenhofer.at\/wordpress_q\/wp-content\/uploads\/2023\/03\/Bachwirt_042017_LaferFotografie-74-von-103-1024x683.jpg\" alt=\"\" class=\"wp-image-123\" srcset=\"https:\/\/www.bachwirt-prettenhofer.at\/wordpress_q\/wp-content\/uploads\/2023\/03\/Bachwirt_042017_LaferFotografie-74-von-103-1024x683.jpg 1024w, https:\/\/www.bachwirt-prettenhofer.at\/wordpress_q\/wp-content\/uploads\/2023\/03\/Bachwirt_042017_LaferFotografie-74-von-103-300x200.jpg 300w, https:\/\/www.bachwirt-prettenhofer.at\/wordpress_q\/wp-content\/uploads\/2023\/03\/Bachwirt_042017_LaferFotografie-74-von-103-768x512.jpg 768w, https:\/\/www.bachwirt-prettenhofer.at\/wordpress_q\/wp-content\/uploads\/2023\/03\/Bachwirt_042017_LaferFotografie-74-von-103-1536x1024.jpg 1536w, https:\/\/www.bachwirt-prettenhofer.at\/wordpress_q\/wp-content\/uploads\/2023\/03\/Bachwirt_042017_LaferFotografie-74-von-103-2048x1365.jpg 2048w\" sizes=\"auto, (max-width: 1024px) 100vw, 1024px\" \/><\/figure>\n<\/figure>\n","protected":false},"excerpt":{"rendered":"<p>Unser Saal bietet Platz f\u00fcr ca. 80 Personen und eignet sich daher f\u00fcr gro\u00dfe Gruppen und Feierlichkeiten jeder Art. Alternativ k\u00f6nnen Sie in kleinem Rahmen (bis 20 Personen) das private&hellip;<\/p>\n","protected":false},"author":1,"featured_media":64,"parent":0,"menu_order":0,"comment_status":"closed","ping_status":"closed","template":"","meta":{"footnotes":""},"class_list":["post-27","page","type-page","status-publish","has-post-thumbnail","hentry"],"_links":{"self":[{"href":"https:\/\/www.bachwirt-prettenhofer.at\/wordpress_q\/wp-json\/wp\/v2\/pages\/27","targetHints":{"allow":["GET"]}}],"collection":[{"href":"https:\/\/www.bachwirt-prettenhofer.at\/wordpress_q\/wp-json\/wp\/v2\/pages"}],"about":[{"href":"https:\/\/www.bachwirt-prettenhofer.at\/wordpress_q\/wp-json\/wp\/v2\/types\/page"}],"author":[{"embeddable":true,"href":"https:\/\/www.bachwirt-prettenhofer.at\/wordpress_q\/wp-json\/wp\/v2\/users\/1"}],"replies":[{"embeddable":true,"href":"https:\/\/www.bachwirt-prettenhofer.at\/wordpress_q\/wp-json\/wp\/v2\/comments?post=27"}],"version-history":[{"count":5,"href":"https:\/\/www.bachwirt-prettenhofer.at\/wordpress_q\/wp-json\/wp\/v2\/pages\/27\/revisions"}],"predecessor-version":[{"id":138,"href":"https:\/\/www.bachwirt-prettenhofer.at\/wordpress_q\/wp-json\/wp\/v2\/pages\/27\/revisions\/138"}],"wp:featuredmedia":[{"embeddable":true,"href":"https:\/\/www.bachwirt-prettenhofer.at\/wordpress_q\/wp-json\/wp\/v2\/media\/64"}],"wp:attachment":[{"href":"https:\/\/www.bachwirt-prettenhofer.at\/wordpress_q\/wp-json\/wp\/v2\/media?parent=27"}],"curies":[{"name":"wp","href":"https:\/\/api.w.org\/{rel}","templated":true}]}}