{"id":74,"date":"2023-03-06T07:42:29","date_gmt":"2023-03-06T07:42:29","guid":{"rendered":"http:\/\/www.bachwirt-prettenhofer.at\/wordpress_q\/?page_id=74"},"modified":"2026-05-01T07:08:16","modified_gmt":"2026-05-01T07:08:16","slug":"willkommen-beim-bachwirt","status":"publish","type":"page","link":"https:\/\/www.bachwirt-prettenhofer.at\/wordpress_q\/","title":{"rendered":"Willkommen beim Bachwirt"},"content":{"rendered":"\n<div class=\"wp-block-media-text alignfull is-stacked-on-mobile is-vertically-aligned-center\"><figure class=\"wp-block-media-text__media\"><img loading=\"lazy\" decoding=\"async\" width=\"683\" height=\"1024\" src=\"https:\/\/www.bachwirt-prettenhofer.at\/wordpress_q\/wp-content\/uploads\/2023\/03\/familie_2021_copyright_familie-prettenhofer-683x1024.jpg\" alt=\"\" class=\"wp-image-63 size-full\" srcset=\"https:\/\/www.bachwirt-prettenhofer.at\/wordpress_q\/wp-content\/uploads\/2023\/03\/familie_2021_copyright_familie-prettenhofer-683x1024.jpg 683w, https:\/\/www.bachwirt-prettenhofer.at\/wordpress_q\/wp-content\/uploads\/2023\/03\/familie_2021_copyright_familie-prettenhofer-200x300.jpg 200w, https:\/\/www.bachwirt-prettenhofer.at\/wordpress_q\/wp-content\/uploads\/2023\/03\/familie_2021_copyright_familie-prettenhofer-768x1152.jpg 768w, https:\/\/www.bachwirt-prettenhofer.at\/wordpress_q\/wp-content\/uploads\/2023\/03\/familie_2021_copyright_familie-prettenhofer-1024x1536.jpg 1024w, https:\/\/www.bachwirt-prettenhofer.at\/wordpress_q\/wp-content\/uploads\/2023\/03\/familie_2021_copyright_familie-prettenhofer-1365x2048.jpg 1365w, https:\/\/www.bachwirt-prettenhofer.at\/wordpress_q\/wp-content\/uploads\/2023\/03\/familie_2021_copyright_familie-prettenhofer-scaled.jpg 1707w\" sizes=\"auto, (max-width: 683px) 100vw, 683px\" \/><\/figure><div class=\"wp-block-media-text__content\">\n<p>Sinn f\u00fcr Tradition und famili\u00e4re Herzlichkeit pr\u00e4gen den Charakter unseres Hauses.<\/p>\n\n\n\n<p>Wir legen sehr viel Wert auf die Verwendung von regionalen und qualitativ hochwertigen Produkten und produzieren s\u00e4mtliche Fleischprodukte wie Selchspeck, Bratw\u00fcrste und Leberk\u00e4se selbst.<\/p>\n\n\n\n<p>Genie\u00dfen Sie typische steirische Schmankerl, aber auch Gaumenfreuden der modernen Trendk\u00fcche in gem\u00fctlicher Atmosph\u00e4re, w\u00e4hrend sich Ihre Kleinen am Kinderspielplatz austoben k\u00f6nnen.<br><br><\/p>\n<\/div><\/div>\n\n\n\n<div class=\"wp-block-group\"><div class=\"wp-block-group__inner-container is-layout-constrained wp-block-group-is-layout-constrained\">\n<hr class=\"wp-block-separator has-alpha-channel-opacity\"\/>\n<\/div><\/div>\n","protected":false},"excerpt":{"rendered":"<p>Tradition seit 1830<\/p>\n","protected":false},"author":1,"featured_media":53,"parent":0,"menu_order":0,"comment_status":"closed","ping_status":"closed","template":"","meta":{"footnotes":""},"class_list":["post-74","page","type-page","status-publish","has-post-thumbnail","hentry"],"_links":{"self":[{"href":"https:\/\/www.bachwirt-prettenhofer.at\/wordpress_q\/wp-json\/wp\/v2\/pages\/74","targetHints":{"allow":["GET"]}}],"collection":[{"href":"https:\/\/www.bachwirt-prettenhofer.at\/wordpress_q\/wp-json\/wp\/v2\/pages"}],"about":[{"href":"https:\/\/www.bachwirt-prettenhofer.at\/wordpress_q\/wp-json\/wp\/v2\/types\/page"}],"author":[{"embeddable":true,"href":"https:\/\/www.bachwirt-prettenhofer.at\/wordpress_q\/wp-json\/wp\/v2\/users\/1"}],"replies":[{"embeddable":true,"href":"https:\/\/www.bachwirt-prettenhofer.at\/wordpress_q\/wp-json\/wp\/v2\/comments?post=74"}],"version-history":[{"count":73,"href":"https:\/\/www.bachwirt-prettenhofer.at\/wordpress_q\/wp-json\/wp\/v2\/pages\/74\/revisions"}],"predecessor-version":[{"id":983,"href":"https:\/\/www.bachwirt-prettenhofer.at\/wordpress_q\/wp-json\/wp\/v2\/pages\/74\/revisions\/983"}],"wp:featuredmedia":[{"embeddable":true,"href":"https:\/\/www.bachwirt-prettenhofer.at\/wordpress_q\/wp-json\/wp\/v2\/media\/53"}],"wp:attachment":[{"href":"https:\/\/www.bachwirt-prettenhofer.at\/wordpress_q\/wp-json\/wp\/v2\/media?parent=74"}],"curies":[{"name":"wp","href":"https:\/\/api.w.org\/{rel}","templated":true}]}}