{"id":84,"date":"2023-03-06T08:20:12","date_gmt":"2023-03-06T08:20:12","guid":{"rendered":"http:\/\/www.bachwirt-prettenhofer.at\/wordpress_q\/?page_id=84"},"modified":"2026-03-18T10:39:06","modified_gmt":"2026-03-18T10:39:06","slug":"reisegruppen","status":"publish","type":"page","link":"https:\/\/www.bachwirt-prettenhofer.at\/wordpress_q\/reisegruppen\/","title":{"rendered":"Reisegruppen"},"content":{"rendered":"\n<p>Unser Saal bietet sich ausgezeichnet f\u00fcr gr\u00f6\u00dfere Reisegruppen bis zu 80 Personen an. Untenstehend finden Sie unsere Men\u00fcvorschl\u00e4ge f\u00fcr Reisegruppen. Gerne k\u00f6nnen wir diese Vorschl\u00e4ge auch auf spezielle W\u00fcnsche (vegan, glutenfrei, etc.) anpassen. Sollten Sie eine individuelle Zusammenstellung des Men\u00fcs w\u00fcnschen, geben Sie uns das einfach bekannt und wir schicken Ihnen ein angepasstes Angebot zu.<\/p>\n\n\n\n<div data-wp-interactive=\"core\/file\" class=\"wp-block-file\"><object data-wp-bind--hidden=\"!state.hasPdfPreview\" hidden class=\"wp-block-file__embed\" data=\"https:\/\/www.bachwirt-prettenhofer.at\/wordpress_q\/wp-content\/uploads\/2026\/03\/Busmenue_2026.pdf\" type=\"application\/pdf\" style=\"width:100%;height:600px\" aria-label=\"Einbettung von Busmen\u00fc_2026.\"><\/object><a id=\"wp-block-file--media-8f375991-5d19-4853-b71f-c5024f791106\" href=\"https:\/\/www.bachwirt-prettenhofer.at\/wordpress_q\/wp-content\/uploads\/2026\/03\/Busmenue_2026.pdf\">Busmen\u00fc_2026<\/a><a href=\"https:\/\/www.bachwirt-prettenhofer.at\/wordpress_q\/wp-content\/uploads\/2026\/03\/Busmenue_2026.pdf\" class=\"wp-block-file__button wp-element-button\" download aria-describedby=\"wp-block-file--media-8f375991-5d19-4853-b71f-c5024f791106\">Herunterladen<\/a><\/div>\n","protected":false},"excerpt":{"rendered":"<p>Unser Saal bietet sich ausgezeichnet f\u00fcr gr\u00f6\u00dfere Reisegruppen bis zu 80 Personen an. Untenstehend finden Sie unsere Men\u00fcvorschl\u00e4ge f\u00fcr Reisegruppen. Gerne k\u00f6nnen wir diese Vorschl\u00e4ge auch auf spezielle W\u00fcnsche (vegan,&hellip;<\/p>\n","protected":false},"author":1,"featured_media":62,"parent":0,"menu_order":0,"comment_status":"closed","ping_status":"closed","template":"","meta":{"footnotes":""},"class_list":["post-84","page","type-page","status-publish","has-post-thumbnail","hentry"],"_links":{"self":[{"href":"https:\/\/www.bachwirt-prettenhofer.at\/wordpress_q\/wp-json\/wp\/v2\/pages\/84","targetHints":{"allow":["GET"]}}],"collection":[{"href":"https:\/\/www.bachwirt-prettenhofer.at\/wordpress_q\/wp-json\/wp\/v2\/pages"}],"about":[{"href":"https:\/\/www.bachwirt-prettenhofer.at\/wordpress_q\/wp-json\/wp\/v2\/types\/page"}],"author":[{"embeddable":true,"href":"https:\/\/www.bachwirt-prettenhofer.at\/wordpress_q\/wp-json\/wp\/v2\/users\/1"}],"replies":[{"embeddable":true,"href":"https:\/\/www.bachwirt-prettenhofer.at\/wordpress_q\/wp-json\/wp\/v2\/comments?post=84"}],"version-history":[{"count":6,"href":"https:\/\/www.bachwirt-prettenhofer.at\/wordpress_q\/wp-json\/wp\/v2\/pages\/84\/revisions"}],"predecessor-version":[{"id":965,"href":"https:\/\/www.bachwirt-prettenhofer.at\/wordpress_q\/wp-json\/wp\/v2\/pages\/84\/revisions\/965"}],"wp:featuredmedia":[{"embeddable":true,"href":"https:\/\/www.bachwirt-prettenhofer.at\/wordpress_q\/wp-json\/wp\/v2\/media\/62"}],"wp:attachment":[{"href":"https:\/\/www.bachwirt-prettenhofer.at\/wordpress_q\/wp-json\/wp\/v2\/media?parent=84"}],"curies":[{"name":"wp","href":"https:\/\/api.w.org\/{rel}","templated":true}]}}