{"id":94,"date":"2023-03-06T08:51:57","date_gmt":"2023-03-06T08:51:57","guid":{"rendered":"http:\/\/www.bachwirt-prettenhofer.at\/wordpress_q\/?page_id=94"},"modified":"2023-03-08T07:47:24","modified_gmt":"2023-03-08T07:47:24","slug":"impressum","status":"publish","type":"page","link":"https:\/\/www.bachwirt-prettenhofer.at\/wordpress_q\/impressum\/","title":{"rendered":"Impressum"},"content":{"rendered":"\n<p>Gasthof Bachwirt Prettenhofer<br>Kurt Prettenhofer<br>St. Johann bei Herberstein 51<br>8222 Feistritztal<br>Telefon: 03113\/ 2262<br>Mail: info@bachwirt-prettenhofer.at<br>Web: www.bachwirt-prettenhofer.at<\/p>\n\n\n\n<p><strong>Website<\/strong>: WordPress<br><strong>Design<\/strong>: Amble 2.0.0<br><strong>Inhalte<\/strong>: Kurt Prettenhofer<br><br><strong>Fotos<\/strong><br>www.lafer-fotografie.at<br>www.fotolia.com<br>Kurt Prettenhofer<\/p>\n\n\n\n<p><strong>Cookies<\/strong><\/p>\n\n\n\n<p>Unsere Website verwendet so genannte Cookies. Dabei handelt es sich um kleine Textdateien, die mit Hilfe des Browsers auf Ihrem Endger\u00e4t abgelegt werden. Sie richten keinen Schaden an.<\/p>\n\n\n\n<p>Wir nutzen Cookies dazu, unser Angebot nutzerfreundlich zu gestalten. Einige Cookies bleiben auf Ihrem Endger\u00e4t gespeichert, bis Sie diese l\u00f6schen. Sie erm\u00f6glichen es uns, Ihren Browser beim n\u00e4chsten Besuch wiederzuerkennen.<\/p>\n\n\n\n<p>Wenn Sie dies nicht w\u00fcnschen, so k\u00f6nnen Sie Ihren Browser so einrichten, dass er Sie \u00fcber das Setzen von Cookies informiert und Sie dies nur im Einzelfall erlauben.<\/p>\n\n\n\n<p>Bei der Deaktivierung von Cookies kann die Funktionalit\u00e4t unserer Website eingeschr\u00e4nkt sein.<\/p>\n\n\n\n<p><strong>Externe Links<\/strong><\/p>\n\n\n\n<p>Trotz sorgf\u00e4ltiger Pr\u00fcfung \u00fcbernehmen wir keine Haftung \u00fcber den Inhalt, die Funktionalit\u00e4t und die Verf\u00fcgbarkeit von verlinkten Websiten. Dies gilt auch bei allen anderen direkten oder indirekten Verweisen oder Verlinkungen auf fremde Internetangebote. Sollte eine Website, auf die wir verlinkt haben, rechtswidrige Inhalte enthalten, so bitten wir um Mitteilung, der Link wird dann umgehend entfernt.<\/p>\n","protected":false},"excerpt":{"rendered":"<p>Gasthof Bachwirt PrettenhoferKurt PrettenhoferSt. Johann bei Herberstein 518222 FeistritztalTelefon: 03113\/ 2262Mail: info@bachwirt-prettenhofer.atWeb: www.bachwirt-prettenhofer.at Website: WordPressDesign: Amble 2.0.0Inhalte: Kurt Prettenhofer Fotoswww.lafer-fotografie.atwww.fotolia.comKurt Prettenhofer Cookies Unsere Website verwendet so genannte Cookies. Dabei handelt&hellip;<\/p>\n","protected":false},"author":1,"featured_media":0,"parent":0,"menu_order":0,"comment_status":"closed","ping_status":"closed","template":"","meta":{"footnotes":""},"class_list":["post-94","page","type-page","status-publish","hentry"],"_links":{"self":[{"href":"https:\/\/www.bachwirt-prettenhofer.at\/wordpress_q\/wp-json\/wp\/v2\/pages\/94","targetHints":{"allow":["GET"]}}],"collection":[{"href":"https:\/\/www.bachwirt-prettenhofer.at\/wordpress_q\/wp-json\/wp\/v2\/pages"}],"about":[{"href":"https:\/\/www.bachwirt-prettenhofer.at\/wordpress_q\/wp-json\/wp\/v2\/types\/page"}],"author":[{"embeddable":true,"href":"https:\/\/www.bachwirt-prettenhofer.at\/wordpress_q\/wp-json\/wp\/v2\/users\/1"}],"replies":[{"embeddable":true,"href":"https:\/\/www.bachwirt-prettenhofer.at\/wordpress_q\/wp-json\/wp\/v2\/comments?post=94"}],"version-history":[{"count":4,"href":"https:\/\/www.bachwirt-prettenhofer.at\/wordpress_q\/wp-json\/wp\/v2\/pages\/94\/revisions"}],"predecessor-version":[{"id":167,"href":"https:\/\/www.bachwirt-prettenhofer.at\/wordpress_q\/wp-json\/wp\/v2\/pages\/94\/revisions\/167"}],"wp:attachment":[{"href":"https:\/\/www.bachwirt-prettenhofer.at\/wordpress_q\/wp-json\/wp\/v2\/media?parent=94"}],"curies":[{"name":"wp","href":"https:\/\/api.w.org\/{rel}","templated":true}]}}